{"id":3672,"date":"2020-05-07T10:31:53","date_gmt":"2020-05-07T08:31:53","guid":{"rendered":"https:\/\/appartementinwinterberg.nl\/kontakt\/"},"modified":"2025-05-09T15:10:28","modified_gmt":"2025-05-09T13:10:28","slug":"kontakt","status":"publish","type":"page","link":"https:\/\/appartementinwinterberg.nl\/de\/kontakt\/","title":{"rendered":"Kontakt"},"content":{"rendered":"\t\t<div data-elementor-type=\"wp-page\" data-elementor-id=\"3672\" class=\"elementor elementor-3672 elementor-34\" data-elementor-post-type=\"page\">\n\t\t\t\t<div class=\"elementor-element elementor-element-21d39b0 e-con-full e-flex e-con e-parent\" data-id=\"21d39b0\" data-element_type=\"container\" data-e-type=\"container\" data-settings=\"{&quot;background_background&quot;:&quot;classic&quot;,&quot;shape_divider_bottom&quot;:&quot;mountains&quot;}\">\n\t\t\t\t<div class=\"elementor-shape elementor-shape-bottom\" aria-hidden=\"true\" data-negative=\"false\">\n\t\t\t<svg xmlns=\"http:\/\/www.w3.org\/2000\/svg\" viewBox=\"0 0 1000 100\" preserveAspectRatio=\"none\">\n\t<path class=\"elementor-shape-fill\" opacity=\"0.33\" d=\"M473,67.3c-203.9,88.3-263.1-34-320.3,0C66,119.1,0,59.7,0,59.7V0h1000v59.7 c0,0-62.1,26.1-94.9,29.3c-32.8,3.3-62.8-12.3-75.8-22.1C806,49.6,745.3,8.7,694.9,4.7S492.4,59,473,67.3z\"\/>\n\t<path class=\"elementor-shape-fill\" opacity=\"0.66\" d=\"M734,67.3c-45.5,0-77.2-23.2-129.1-39.1c-28.6-8.7-150.3-10.1-254,39.1 s-91.7-34.4-149.2,0C115.7,118.3,0,39.8,0,39.8V0h1000v36.5c0,0-28.2-18.5-92.1-18.5C810.2,18.1,775.7,67.3,734,67.3z\"\/>\n\t<path class=\"elementor-shape-fill\" d=\"M766.1,28.9c-200-57.5-266,65.5-395.1,19.5C242,1.8,242,5.4,184.8,20.6C128,35.8,132.3,44.9,89.9,52.5C28.6,63.7,0,0,0,0 h1000c0,0-9.9,40.9-83.6,48.1S829.6,47,766.1,28.9z\"\/>\n<\/svg>\t\t<\/div>\n\t\t<div class=\"elementor-element elementor-element-23f3524 e-con-full e-flex e-con e-child\" data-id=\"23f3524\" data-element_type=\"container\" data-e-type=\"container\">\n\t\t\t\t<div class=\"elementor-element elementor-element-524faaa elementor-widget__width-initial elementor-widget-tablet__width-inherit elementor-widget elementor-widget-heading\" data-id=\"524faaa\" data-element_type=\"widget\" data-e-type=\"widget\" data-widget_type=\"heading.default\">\n\t\t\t\t<div class=\"elementor-widget-container\">\n\t\t\t\t\t<h1 class=\"elementor-heading-title elementor-size-default\">in Kontakt kommen<\/h1>\t\t\t\t<\/div>\n\t\t\t\t<\/div>\n\t\t\t\t<\/div>\n\t\t\t\t<\/div>\n\t\t<div class=\"elementor-element elementor-element-2a9275b e-flex e-con-boxed e-con e-parent\" data-id=\"2a9275b\" data-element_type=\"container\" data-e-type=\"container\" data-settings=\"{&quot;background_background&quot;:&quot;classic&quot;}\">\n\t\t\t\t\t<div class=\"e-con-inner\">\n\t\t<div class=\"elementor-element elementor-element-f2ba2de e-con-full e-flex e-con e-child\" data-id=\"f2ba2de\" data-element_type=\"container\" data-e-type=\"container\">\n\t\t\t\t<div class=\"elementor-element elementor-element-46f434c elementor-widget elementor-widget-heading\" data-id=\"46f434c\" data-element_type=\"widget\" data-e-type=\"widget\" data-widget_type=\"heading.default\">\n\t\t\t\t<div class=\"elementor-widget-container\">\n\t\t\t\t\t<h2 class=\"elementor-heading-title elementor-size-default\">Stell deine Frage<\/h2>\t\t\t\t<\/div>\n\t\t\t\t<\/div>\n\t\t\t\t<div class=\"elementor-element elementor-element-84875b9 elementor-widget elementor-widget-text-editor\" data-id=\"84875b9\" data-element_type=\"widget\" data-e-type=\"widget\" data-widget_type=\"text-editor.default\">\n\t\t\t\t<div class=\"elementor-widget-container\">\n\t\t\t\t\t\t\t\t\t<p><\/p>\n<p>Wenn Sie Interesse an einem Aufenthalt in einem unserer sch\u00f6nen Apartments haben und\/oder Fragen haben, z\u00f6gern Sie nicht, uns zu kontaktieren.<\/p>\n<p><\/p>\n<p><\/p>\n<ul class=\"wp-block-social-links\"><\/ul>\n<p><\/p>\n<p><\/p>\t\t\t\t\t\t\t\t<\/div>\n\t\t\t\t<\/div>\n\t\t\t\t<div class=\"elementor-element elementor-element-e311e62 elementor-button-align-stretch elementor-widget elementor-widget-form\" data-id=\"e311e62\" data-element_type=\"widget\" data-e-type=\"widget\" data-settings=\"{&quot;button_width&quot;:&quot;50&quot;,&quot;step_next_label&quot;:&quot;N\\u00e4chste&quot;,&quot;step_previous_label&quot;:&quot;Vorherige&quot;,&quot;step_type&quot;:&quot;number_text&quot;,&quot;step_icon_shape&quot;:&quot;circle&quot;}\" data-widget_type=\"form.default\">\n\t\t\t\t<div class=\"elementor-widget-container\">\n\t\t\t\t\t\t\t<form class=\"elementor-form\" method=\"post\" name=\"Kontakt\" aria-label=\"Kontakt\">\n\t\t\t<input type=\"hidden\" name=\"post_id\" value=\"3672\"\/>\n\t\t\t<input type=\"hidden\" name=\"form_id\" value=\"e311e62\"\/>\n\t\t\t<input type=\"hidden\" name=\"referer_title\" value=\"Kontakt - Genieten in Winterberg\" \/>\n\n\t\t\t\t\t\t\t<input type=\"hidden\" name=\"queried_id\" value=\"3672\"\/>\n\t\t\t\n\t\t\t<div class=\"elementor-form-fields-wrapper elementor-labels-above\">\n\t\t\t\t\t\t\t\t<div class=\"elementor-field-type-text elementor-field-group elementor-column elementor-field-group-name elementor-col-100\">\n\t\t\t\t\t\t\t\t\t\t\t\t<label for=\"form-field-name\" class=\"elementor-field-label\">\n\t\t\t\t\t\t\t\tNaam\t\t\t\t\t\t\t<\/label>\n\t\t\t\t\t\t\t\t\t\t\t\t\t\t<input size=\"1\" type=\"text\" name=\"form_fields[name]\" id=\"form-field-name\" class=\"elementor-field elementor-size-sm  elementor-field-textual\" placeholder=\"Wie hei\u00dft du?\">\n\t\t\t\t\t\t\t\t\t\t\t<\/div>\n\t\t\t\t\t\t\t\t<div class=\"elementor-field-type-email elementor-field-group elementor-column elementor-field-group-email elementor-col-100 elementor-field-required\">\n\t\t\t\t\t\t\t\t\t\t\t\t<label for=\"form-field-email\" class=\"elementor-field-label\">\n\t\t\t\t\t\t\t\tEmail\t\t\t\t\t\t\t<\/label>\n\t\t\t\t\t\t\t\t\t\t\t\t\t\t<input size=\"1\" type=\"email\" name=\"form_fields[email]\" id=\"form-field-email\" class=\"elementor-field elementor-size-sm  elementor-field-textual\" placeholder=\"Wie lautet Ihre E-Mail-Adresse?\" required=\"required\">\n\t\t\t\t\t\t\t\t\t\t\t<\/div>\n\t\t\t\t\t\t\t\t<div class=\"elementor-field-type-textarea elementor-field-group elementor-column elementor-field-group-message elementor-col-100\">\n\t\t\t\t\t\t\t\t\t\t\t\t<label for=\"form-field-message\" class=\"elementor-field-label\">\n\t\t\t\t\t\t\t\tFrage\t\t\t\t\t\t\t<\/label>\n\t\t\t\t\t\t<textarea class=\"elementor-field-textual elementor-field  elementor-size-sm\" name=\"form_fields[message]\" id=\"form-field-message\" rows=\"4\" placeholder=\"Was ist Ihre Frage?\"><\/textarea>\t\t\t\t<\/div>\n\t\t\t\t\t\t\t\t<div class=\"elementor-field-type-recaptcha_v3 elementor-field-group elementor-column elementor-field-group-field_7a886e2 elementor-col-100 recaptcha_v3-inline\">\n\t\t\t\t\t<div class=\"elementor-field\" id=\"form-field-field_7a886e2\"><div class=\"elementor-g-recaptcha\" data-sitekey=\"6LcTIJInAAAAAAngRM61GUR4jMmLtua-uD-A0HqK\" data-type=\"v3\" data-action=\"Form\" data-badge=\"inline\" data-size=\"invisible\"><\/div><\/div>\t\t\t\t<\/div>\n\t\t\t\t\t\t\t\t<div class=\"elementor-field-group elementor-column elementor-field-type-submit elementor-col-50 e-form__buttons\">\n\t\t\t\t\t<button class=\"elementor-button elementor-size-md\" type=\"submit\">\n\t\t\t\t\t\t<span class=\"elementor-button-content-wrapper\">\n\t\t\t\t\t\t\t\t\t\t\t\t\t\t\t\t\t\t\t\t\t\t<span class=\"elementor-button-text\">Senden<\/span>\n\t\t\t\t\t\t\t\t\t\t\t\t\t<\/span>\n\t\t\t\t\t<\/button>\n\t\t\t\t<\/div>\n\t\t\t<\/div>\n\t\t<\/form>\n\t\t\t\t\t\t<\/div>\n\t\t\t\t<\/div>\n\t\t\t\t<\/div>\n\t\t<div class=\"elementor-element elementor-element-98bd759 e-con-full e-flex e-con e-child\" data-id=\"98bd759\" data-element_type=\"container\" data-e-type=\"container\">\n\t\t\t\t<div class=\"elementor-element elementor-element-be32236 elementor-widget elementor-widget-heading\" data-id=\"be32236\" data-element_type=\"widget\" data-e-type=\"widget\" data-widget_type=\"heading.default\">\n\t\t\t\t<div class=\"elementor-widget-container\">\n\t\t\t\t\t<h3 class=\"elementor-heading-title elementor-size-default\">Kontakt<\/h3>\t\t\t\t<\/div>\n\t\t\t\t<\/div>\n\t\t\t\t<div class=\"elementor-element elementor-element-93678dc elementor-position-left elementor-vertical-align-top elementor-widget elementor-widget-image-box\" data-id=\"93678dc\" data-element_type=\"widget\" data-e-type=\"widget\" data-widget_type=\"image-box.default\">\n\t\t\t\t<div class=\"elementor-widget-container\">\n\t\t\t\t\t<div class=\"elementor-image-box-wrapper\"><figure class=\"elementor-image-box-img\"><img fetchpriority=\"high\" decoding=\"async\" width=\"300\" height=\"300\" src=\"https:\/\/appartementinwinterberg.nl\/wp-content\/uploads\/2023\/07\/astenblick_apartment_e2-2004-1-300x300.jpeg\" class=\"attachment-medium size-medium wp-image-2256\" alt=\"\" srcset=\"https:\/\/appartementinwinterberg.nl\/wp-content\/uploads\/2023\/07\/astenblick_apartment_e2-2004-1-300x300.jpeg 300w, https:\/\/appartementinwinterberg.nl\/wp-content\/uploads\/2023\/07\/astenblick_apartment_e2-2004-1-150x150.jpeg 150w, https:\/\/appartementinwinterberg.nl\/wp-content\/uploads\/2023\/07\/astenblick_apartment_e2-2004-1.jpeg 481w\" sizes=\"(max-width: 300px) 100vw, 300px\" \/><\/figure><div class=\"elementor-image-box-content\"><h6 class=\"elementor-image-box-title\">Eigent\u00fcmer<\/h6><p class=\"elementor-image-box-description\">Wir antworten im Durchschnitt innerhalb von 1 Stunde!<\/p><\/div><\/div>\t\t\t\t<\/div>\n\t\t\t\t<\/div>\n\t\t\t\t<div class=\"elementor-element elementor-element-7527fb4 elementor-widget elementor-widget-text-editor\" data-id=\"7527fb4\" data-element_type=\"widget\" data-e-type=\"widget\" data-widget_type=\"text-editor.default\">\n\t\t\t\t<div class=\"elementor-widget-container\">\n\t\t\t\t\t\t\t\t\t<p>Wir (Bert &amp; Sonja, Jeffrey &amp; Dorien und J\u00f6rgen &amp; Marijke) sind schon seit langer Zeit in diese wundervolle Region verliebt und haben danach unsere Wohnungen gekauft. Zu jeder Jahreszeit k\u00f6nnen Sie in dieser Gegend einen wunderbaren Aufenthalt verbringen, beim Wandern, Radfahren, Skifahren, Golfen oder einfach beim Genie\u00dfen der Aussicht vom Balkon. <\/p><p>Wir hoffen, es gef\u00e4llt Ihnen hier genauso gut wie uns!<\/p><p><a href=\"tel:+31630026181\">+31(0)6-30026181<\/a><br><a href=\"mailto:info@appartementinwinterberg.nl\">info@appartementinwinterberg.nl<\/a><\/p>\t\t\t\t\t\t\t\t<\/div>\n\t\t\t\t<\/div>\n\t\t\t\t<\/div>\n\t\t\t\t\t<\/div>\n\t\t\t\t<\/div>\n\t\t<div class=\"elementor-element elementor-element-5ab02ae e-flex e-con-boxed e-con e-parent\" data-id=\"5ab02ae\" data-element_type=\"container\" data-e-type=\"container\" data-settings=\"{&quot;background_background&quot;:&quot;classic&quot;}\">\n\t\t\t\t\t<div class=\"e-con-inner\">\n\t\t<div class=\"elementor-element elementor-element-e4a1134 e-con-full e-grid e-con e-child\" data-id=\"e4a1134\" data-element_type=\"container\" data-e-type=\"container\">\n\t\t<div class=\"elementor-element elementor-element-534bacb e-con-full e-flex e-con e-child\" data-id=\"534bacb\" data-element_type=\"container\" data-e-type=\"container\" data-settings=\"{&quot;background_background&quot;:&quot;classic&quot;}\">\n\t\t\t\t<div class=\"elementor-element elementor-element-38e2651 elementor-widget elementor-widget-heading\" data-id=\"38e2651\" data-element_type=\"widget\" data-e-type=\"widget\" data-widget_type=\"heading.default\">\n\t\t\t\t<div class=\"elementor-widget-container\">\n\t\t\t\t\t<h3 class=\"elementor-heading-title elementor-size-default\">Appartment<br>Altastenberg<\/h3>\t\t\t\t<\/div>\n\t\t\t\t<\/div>\n\t\t\t\t<div class=\"elementor-element elementor-element-035294d elementor-widget elementor-widget-text-editor\" data-id=\"035294d\" data-element_type=\"widget\" data-e-type=\"widget\" data-widget_type=\"text-editor.default\">\n\t\t\t\t<div class=\"elementor-widget-container\">\n\t\t\t\t\t\t\t\t\t<div class=\"address\"><p style=\"font-weight: 400;\">Astenstra\u00dfe 1<br>59955 Winterberg &#8211; DE<br>BTW nr: DE327303886<\/p><\/div>\t\t\t\t\t\t\t\t<\/div>\n\t\t\t\t<\/div>\n\t\t\t\t<\/div>\n\t\t<div class=\"elementor-element elementor-element-450412f e-con-full e-flex e-con e-child\" data-id=\"450412f\" data-element_type=\"container\" data-e-type=\"container\" data-settings=\"{&quot;background_background&quot;:&quot;classic&quot;}\">\n\t\t\t\t<div class=\"elementor-element elementor-element-15bbf4a elementor-widget elementor-widget-heading\" data-id=\"15bbf4a\" data-element_type=\"widget\" data-e-type=\"widget\" data-widget_type=\"heading.default\">\n\t\t\t\t<div class=\"elementor-widget-container\">\n\t\t\t\t\t<h3 class=\"elementor-heading-title elementor-size-default\">Ferienwohnung Neuastenberg<\/h3>\t\t\t\t<\/div>\n\t\t\t\t<\/div>\n\t\t\t\t<div class=\"elementor-element elementor-element-b0361fc elementor-widget elementor-widget-text-editor\" data-id=\"b0361fc\" data-element_type=\"widget\" data-e-type=\"widget\" data-widget_type=\"text-editor.default\">\n\t\t\t\t<div class=\"elementor-widget-container\">\n\t\t\t\t\t\t\t\t\t<div class=\"address\"><p style=\"font-weight: 400;\">Neuastenbergerstrasse 43-44<br>59955 Winterberg &#8211; DE<br>BTW nr: DE354064273<\/p><\/div>\t\t\t\t\t\t\t\t<\/div>\n\t\t\t\t<\/div>\n\t\t\t\t<\/div>\n\t\t<div class=\"elementor-element elementor-element-24a7190 e-con-full e-flex e-con e-child\" data-id=\"24a7190\" data-element_type=\"container\" data-e-type=\"container\" data-settings=\"{&quot;background_background&quot;:&quot;classic&quot;}\">\n\t\t\t\t<div class=\"elementor-element elementor-element-bb4e3e5 elementor-widget elementor-widget-heading\" data-id=\"bb4e3e5\" data-element_type=\"widget\" data-e-type=\"widget\" data-widget_type=\"heading.default\">\n\t\t\t\t<div class=\"elementor-widget-container\">\n\t\t\t\t\t<h3 class=\"elementor-heading-title elementor-size-default\">Villa <br>Neuastenberg<\/h3>\t\t\t\t<\/div>\n\t\t\t\t<\/div>\n\t\t\t\t<div class=\"elementor-element elementor-element-e1c4dcf elementor-widget elementor-widget-text-editor\" data-id=\"e1c4dcf\" data-element_type=\"widget\" data-e-type=\"widget\" data-widget_type=\"text-editor.default\">\n\t\t\t\t<div class=\"elementor-widget-container\">\n\t\t\t\t\t\t\t\t\t<div class=\"address\"><p style=\"font-weight: 400;\">Neuastenbergerstrasse 21a<br>59955 Winterberg &#8211; DE<br>BTW nr: DE305665321<\/p><\/div>\t\t\t\t\t\t\t\t<\/div>\n\t\t\t\t<\/div>\n\t\t\t\t<\/div>\n\t\t\t\t<\/div>\n\t\t\t\t\t<\/div>\n\t\t\t\t<\/div>\n\t\t\t\t<\/div>\n\t\t","protected":false},"excerpt":{"rendered":"<p>in Kontakt kommen Stell deine Frage Wenn Sie Interesse an einem Aufenthalt in einem unserer sch\u00f6nen Apartments haben und\/oder Fragen haben, z\u00f6gern Sie nicht, uns zu kontaktieren. Kontakt Eigent\u00fcmer Wir antworten im Durchschnitt innerhalb von 1 Stunde! Wir (Bert &amp; Sonja, Jeffrey &amp; Dorien und J\u00f6rgen &amp; Marijke) sind schon seit langer Zeit in diese [&hellip;]<\/p>\n","protected":false},"author":3,"featured_media":0,"parent":0,"menu_order":0,"comment_status":"closed","ping_status":"closed","template":"","meta":{"footnotes":""},"class_list":["post-3672","page","type-page","status-publish","hentry"],"yoast_head":"<!-- This site is optimized with the Yoast SEO plugin v27.0 - https:\/\/yoast.com\/product\/yoast-seo-wordpress\/ -->\n<title>Kontakt - Genieten in Winterberg<\/title>\n<meta name=\"robots\" content=\"index, follow, max-snippet:-1, max-image-preview:large, max-video-preview:-1\" \/>\n<link rel=\"canonical\" href=\"https:\/\/appartementinwinterberg.nl\/de\/kontakt\/\" \/>\n<meta property=\"og:locale\" content=\"de_DE\" \/>\n<meta property=\"og:type\" content=\"article\" \/>\n<meta property=\"og:title\" content=\"Kontakt - Genieten in Winterberg\" \/>\n<meta property=\"og:description\" content=\"in Kontakt kommen Stell deine Frage Wenn Sie Interesse an einem Aufenthalt in einem unserer sch\u00f6nen Apartments haben und\/oder Fragen haben, z\u00f6gern Sie nicht, uns zu kontaktieren. Kontakt Eigent\u00fcmer Wir antworten im Durchschnitt innerhalb von 1 Stunde! Wir (Bert &amp; Sonja, Jeffrey &amp; Dorien und J\u00f6rgen &amp; Marijke) sind schon seit langer Zeit in diese [&hellip;]\" \/>\n<meta property=\"og:url\" content=\"https:\/\/appartementinwinterberg.nl\/de\/kontakt\/\" \/>\n<meta property=\"og:site_name\" content=\"Genieten in Winterberg\" \/>\n<meta property=\"article:modified_time\" content=\"2025-05-09T13:10:28+00:00\" \/>\n<meta property=\"og:image\" content=\"https:\/\/appartementinwinterberg.nl\/wp-content\/uploads\/2023\/07\/astenblick_apartment_e2-2004-1.jpeg\" \/>\n\t<meta property=\"og:image:width\" content=\"481\" \/>\n\t<meta property=\"og:image:height\" content=\"481\" \/>\n\t<meta property=\"og:image:type\" content=\"image\/jpeg\" \/>\n<meta name=\"twitter:card\" content=\"summary_large_image\" \/>\n<meta name=\"twitter:label1\" content=\"Gesch\u00e4tzte Lesezeit\" \/>\n\t<meta name=\"twitter:data1\" content=\"1\u00a0Minute\" \/>\n<script type=\"application\/ld+json\" class=\"yoast-schema-graph\">{\"@context\":\"https:\/\/schema.org\",\"@graph\":[{\"@type\":\"WebPage\",\"@id\":\"https:\/\/appartementinwinterberg.nl\/de\/kontakt\/\",\"url\":\"https:\/\/appartementinwinterberg.nl\/de\/kontakt\/\",\"name\":\"Kontakt - Genieten in Winterberg\",\"isPartOf\":{\"@id\":\"https:\/\/appartementinwinterberg.nl\/de\/#website\"},\"primaryImageOfPage\":{\"@id\":\"https:\/\/appartementinwinterberg.nl\/de\/kontakt\/#primaryimage\"},\"image\":{\"@id\":\"https:\/\/appartementinwinterberg.nl\/de\/kontakt\/#primaryimage\"},\"thumbnailUrl\":\"https:\/\/appartementinwinterberg.nl\/wp-content\/uploads\/2023\/07\/astenblick_apartment_e2-2004-1-300x300.jpeg\",\"datePublished\":\"2020-05-07T08:31:53+00:00\",\"dateModified\":\"2025-05-09T13:10:28+00:00\",\"breadcrumb\":{\"@id\":\"https:\/\/appartementinwinterberg.nl\/de\/kontakt\/#breadcrumb\"},\"inLanguage\":\"de\",\"potentialAction\":[{\"@type\":\"ReadAction\",\"target\":[\"https:\/\/appartementinwinterberg.nl\/de\/kontakt\/\"]}]},{\"@type\":\"ImageObject\",\"inLanguage\":\"de\",\"@id\":\"https:\/\/appartementinwinterberg.nl\/de\/kontakt\/#primaryimage\",\"url\":\"https:\/\/appartementinwinterberg.nl\/wp-content\/uploads\/2023\/07\/astenblick_apartment_e2-2004-1-300x300.jpeg\",\"contentUrl\":\"https:\/\/appartementinwinterberg.nl\/wp-content\/uploads\/2023\/07\/astenblick_apartment_e2-2004-1-300x300.jpeg\"},{\"@type\":\"BreadcrumbList\",\"@id\":\"https:\/\/appartementinwinterberg.nl\/de\/kontakt\/#breadcrumb\",\"itemListElement\":[{\"@type\":\"ListItem\",\"position\":1,\"name\":\"Home\",\"item\":\"https:\/\/appartementinwinterberg.nl\/de\/home\/\"},{\"@type\":\"ListItem\",\"position\":2,\"name\":\"Kontakt\"}]},{\"@type\":\"WebSite\",\"@id\":\"https:\/\/appartementinwinterberg.nl\/de\/#website\",\"url\":\"https:\/\/appartementinwinterberg.nl\/de\/\",\"name\":\"Genieten in Winterberg\",\"description\":\"Luxe wellness-appartementen in een veelzijdige zomer- &eacute;n wintersportplaats!\",\"publisher\":{\"@id\":\"https:\/\/appartementinwinterberg.nl\/de\/#organization\"},\"potentialAction\":[{\"@type\":\"SearchAction\",\"target\":{\"@type\":\"EntryPoint\",\"urlTemplate\":\"https:\/\/appartementinwinterberg.nl\/de\/?s={search_term_string}\"},\"query-input\":{\"@type\":\"PropertyValueSpecification\",\"valueRequired\":true,\"valueName\":\"search_term_string\"}}],\"inLanguage\":\"de\"},{\"@type\":\"Organization\",\"@id\":\"https:\/\/appartementinwinterberg.nl\/de\/#organization\",\"name\":\"Genieten in Winterberg\",\"url\":\"https:\/\/appartementinwinterberg.nl\/de\/\",\"logo\":{\"@type\":\"ImageObject\",\"inLanguage\":\"de\",\"@id\":\"https:\/\/appartementinwinterberg.nl\/de\/#\/schema\/logo\/image\/\",\"url\":\"https:\/\/appartementinwinterberg.nl\/wp-content\/uploads\/2023\/03\/appartementinwinterberg-logo-website-02.svg\",\"contentUrl\":\"https:\/\/appartementinwinterberg.nl\/wp-content\/uploads\/2023\/03\/appartementinwinterberg-logo-website-02.svg\",\"caption\":\"Genieten in Winterberg\"},\"image\":{\"@id\":\"https:\/\/appartementinwinterberg.nl\/de\/#\/schema\/logo\/image\/\"}}]}<\/script>\n<!-- \/ Yoast SEO plugin. -->","yoast_head_json":{"title":"Kontakt - Genieten in Winterberg","robots":{"index":"index","follow":"follow","max-snippet":"max-snippet:-1","max-image-preview":"max-image-preview:large","max-video-preview":"max-video-preview:-1"},"canonical":"https:\/\/appartementinwinterberg.nl\/de\/kontakt\/","og_locale":"de_DE","og_type":"article","og_title":"Kontakt - Genieten in Winterberg","og_description":"in Kontakt kommen Stell deine Frage Wenn Sie Interesse an einem Aufenthalt in einem unserer sch\u00f6nen Apartments haben und\/oder Fragen haben, z\u00f6gern Sie nicht, uns zu kontaktieren. Kontakt Eigent\u00fcmer Wir antworten im Durchschnitt innerhalb von 1 Stunde! Wir (Bert &amp; Sonja, Jeffrey &amp; Dorien und J\u00f6rgen &amp; Marijke) sind schon seit langer Zeit in diese [&hellip;]","og_url":"https:\/\/appartementinwinterberg.nl\/de\/kontakt\/","og_site_name":"Genieten in Winterberg","article_modified_time":"2025-05-09T13:10:28+00:00","og_image":[{"width":481,"height":481,"url":"https:\/\/appartementinwinterberg.nl\/wp-content\/uploads\/2023\/07\/astenblick_apartment_e2-2004-1.jpeg","type":"image\/jpeg"}],"twitter_card":"summary_large_image","twitter_misc":{"Gesch\u00e4tzte Lesezeit":"1\u00a0Minute"},"schema":{"@context":"https:\/\/schema.org","@graph":[{"@type":"WebPage","@id":"https:\/\/appartementinwinterberg.nl\/de\/kontakt\/","url":"https:\/\/appartementinwinterberg.nl\/de\/kontakt\/","name":"Kontakt - Genieten in Winterberg","isPartOf":{"@id":"https:\/\/appartementinwinterberg.nl\/de\/#website"},"primaryImageOfPage":{"@id":"https:\/\/appartementinwinterberg.nl\/de\/kontakt\/#primaryimage"},"image":{"@id":"https:\/\/appartementinwinterberg.nl\/de\/kontakt\/#primaryimage"},"thumbnailUrl":"https:\/\/appartementinwinterberg.nl\/wp-content\/uploads\/2023\/07\/astenblick_apartment_e2-2004-1-300x300.jpeg","datePublished":"2020-05-07T08:31:53+00:00","dateModified":"2025-05-09T13:10:28+00:00","breadcrumb":{"@id":"https:\/\/appartementinwinterberg.nl\/de\/kontakt\/#breadcrumb"},"inLanguage":"de","potentialAction":[{"@type":"ReadAction","target":["https:\/\/appartementinwinterberg.nl\/de\/kontakt\/"]}]},{"@type":"ImageObject","inLanguage":"de","@id":"https:\/\/appartementinwinterberg.nl\/de\/kontakt\/#primaryimage","url":"https:\/\/appartementinwinterberg.nl\/wp-content\/uploads\/2023\/07\/astenblick_apartment_e2-2004-1-300x300.jpeg","contentUrl":"https:\/\/appartementinwinterberg.nl\/wp-content\/uploads\/2023\/07\/astenblick_apartment_e2-2004-1-300x300.jpeg"},{"@type":"BreadcrumbList","@id":"https:\/\/appartementinwinterberg.nl\/de\/kontakt\/#breadcrumb","itemListElement":[{"@type":"ListItem","position":1,"name":"Home","item":"https:\/\/appartementinwinterberg.nl\/de\/home\/"},{"@type":"ListItem","position":2,"name":"Kontakt"}]},{"@type":"WebSite","@id":"https:\/\/appartementinwinterberg.nl\/de\/#website","url":"https:\/\/appartementinwinterberg.nl\/de\/","name":"Genieten in Winterberg","description":"Luxe wellness-appartementen in een veelzijdige zomer- &eacute;n wintersportplaats!","publisher":{"@id":"https:\/\/appartementinwinterberg.nl\/de\/#organization"},"potentialAction":[{"@type":"SearchAction","target":{"@type":"EntryPoint","urlTemplate":"https:\/\/appartementinwinterberg.nl\/de\/?s={search_term_string}"},"query-input":{"@type":"PropertyValueSpecification","valueRequired":true,"valueName":"search_term_string"}}],"inLanguage":"de"},{"@type":"Organization","@id":"https:\/\/appartementinwinterberg.nl\/de\/#organization","name":"Genieten in Winterberg","url":"https:\/\/appartementinwinterberg.nl\/de\/","logo":{"@type":"ImageObject","inLanguage":"de","@id":"https:\/\/appartementinwinterberg.nl\/de\/#\/schema\/logo\/image\/","url":"https:\/\/appartementinwinterberg.nl\/wp-content\/uploads\/2023\/03\/appartementinwinterberg-logo-website-02.svg","contentUrl":"https:\/\/appartementinwinterberg.nl\/wp-content\/uploads\/2023\/03\/appartementinwinterberg-logo-website-02.svg","caption":"Genieten in Winterberg"},"image":{"@id":"https:\/\/appartementinwinterberg.nl\/de\/#\/schema\/logo\/image\/"}}]}},"_links":{"self":[{"href":"https:\/\/appartementinwinterberg.nl\/de\/wp-json\/wp\/v2\/pages\/3672","targetHints":{"allow":["GET"]}}],"collection":[{"href":"https:\/\/appartementinwinterberg.nl\/de\/wp-json\/wp\/v2\/pages"}],"about":[{"href":"https:\/\/appartementinwinterberg.nl\/de\/wp-json\/wp\/v2\/types\/page"}],"author":[{"embeddable":true,"href":"https:\/\/appartementinwinterberg.nl\/de\/wp-json\/wp\/v2\/users\/3"}],"replies":[{"embeddable":true,"href":"https:\/\/appartementinwinterberg.nl\/de\/wp-json\/wp\/v2\/comments?post=3672"}],"version-history":[{"count":3,"href":"https:\/\/appartementinwinterberg.nl\/de\/wp-json\/wp\/v2\/pages\/3672\/revisions"}],"predecessor-version":[{"id":5815,"href":"https:\/\/appartementinwinterberg.nl\/de\/wp-json\/wp\/v2\/pages\/3672\/revisions\/5815"}],"wp:attachment":[{"href":"https:\/\/appartementinwinterberg.nl\/de\/wp-json\/wp\/v2\/media?parent=3672"}],"curies":[{"name":"wp","href":"https:\/\/api.w.org\/{rel}","templated":true}]}}